{"id":2748,"date":"2018-05-02T10:58:22","date_gmt":"2018-05-02T08:58:22","guid":{"rendered":"https:\/\/kulturhjerte.no\/i-want-to-participate\/"},"modified":"2025-08-04T09:23:22","modified_gmt":"2025-08-04T07:23:22","slug":"i-want-to-participate","status":"publish","type":"page","link":"https:\/\/kulturhjerte.no\/en\/i-want-to-participate\/","title":{"rendered":"SIGN UP!"},"content":{"rendered":"<p>[et_pb_section fb_built=&#8221;1&#8243; _builder_version=&#8221;4.25.0&#8243; background_image=&#8221;http:\/\/kulturhjerte.no\/wp-content\/uploads\/2024\/05\/Kulturhjerte-GD-5-Foto-Torbjorn-Olsen-e1716792282873.jpg&#8221; parallax=&#8221;on&#8221; min_height=&#8221;632.6px&#8221; custom_margin=&#8221;||24px|||&#8221; custom_padding=&#8221;25px||118px|||&#8221; custom_css_main_element=&#8221;margin-top: -10px;||height: 70vh;||box-shadow: inset 0 0 0 1000px rgba(0,0,0,.15);||transition: 9999s;&#8221; global_colors_info=&#8221;{}&#8221;][\/et_pb_section][et_pb_section fb_built=&#8221;1&#8243; _builder_version=&#8221;4.16&#8243; custom_padding=&#8221;40px|||&#8221; global_colors_info=&#8221;{}&#8221;][et_pb_row module_id=&#8221;delta&#8221; _builder_version=&#8221;4.16&#8243; custom_padding=&#8221;0px|0px|27px|0px&#8221; custom_css_main_element=&#8221;box-shadow: 1px 1px 2px #bdccd4;||background-color: white;&#8221; global_colors_info=&#8221;{}&#8221;][et_pb_column type=&#8221;4_4&#8243; _builder_version=&#8221;4.16&#8243; custom_padding=&#8221;|||&#8221; global_colors_info=&#8221;{}&#8221; custom_padding__hover=&#8221;|||&#8221;][et_pb_text module_class=&#8221;teal-header&#8221; _builder_version=&#8221;4.16&#8243; text_orientation=&#8221;center&#8221; background_layout=&#8221;dark&#8221; module_alignment=&#8221;center&#8221; global_colors_info=&#8221;{}&#8221;]<\/p>\n<h1>Registration Kulturhjerte<\/h1>\n<p>[\/et_pb_text][et_pb_text _builder_version=&#8221;4.16&#8243; text_orientation=&#8221;center&#8221; module_alignment=&#8221;center&#8221; custom_css_main_element=&#8221;padding: 40px&#8221; global_colors_info=&#8221;{}&#8221;]<\/p>\n<p><strong><span style=\"font-size: 15pt;\">Participation in Kulturhjerte is free and registration is open!  <\/span><\/strong><strong style=\"font-size: 15pt;\"><span style=\"font-size: 15pt;\">The deadline for submitting the application form next year is August 15, 2025.   <\/span><\/strong><span style=\"font-size: 15pt;\">We will respond to your participation shortly after the deadline. Start-up is in week 42. Day of the week and time will be  <\/span><span style=\"font-size: 15pt;\">informed<\/span><span style=\"font-size: 15pt;\"> about when you have been allocated a seat. <\/span> <\/p>\n<p>Kulturhjerte receives applications from many more children than we can accommodate, so unfortunately we can&#8217;t say yes to everyone. <\/p>\n<p>  Kulturhjerte will provide space for both those who are new to the city and those who have lived here for a long time. We want someone new every year, but at the same time, it&#8217;s important that someone who&#8217;s been with us before stays with us. We also want variation in age and gender, so it&#8217;s not a regular registration list, but a goal of the most varied group possible that determines who gets a place each year.<\/p>\n<p>The age limit for participation is 10 years.  <span style=\"font-size: 15pt;\"><\/span><\/p>\n<p><em>Photo: Torbj\u00f8rn Olsen<\/em><\/p>\n<p>[\/et_pb_text][et_pb_code _builder_version=&#8221;4.25.0&#8243; _module_preset=&#8221;default&#8221; max_width=&#8221;700px&#8221; module_alignment=&#8221;center&#8221; global_colors_info=&#8221;{}&#8221;]<style id=\"wpforms-css-vars-2385\">\n\t\t\t\t#wpforms-2385 {\n\t\t\t\t\n\t\t\t}\n\t\t\t<\/style><div class=\"wpforms-container wpforms-container-full wpforms-render-modern\" id=\"wpforms-2385\"><form id=\"wpforms-form-2385\" class=\"wpforms-validate wpforms-form wpforms-ajax-form\" data-formid=\"2385\" method=\"post\" enctype=\"multipart\/form-data\" action=\"\/en\/wp-json\/wp\/v2\/pages\/2748\" data-token=\"09b70925f4e598d3dc4ab43e56b925ef\" data-token-time=\"1775951840\"><noscript class=\"wpforms-error-noscript\">Please enable JavaScript in your browser to complete this form.<\/noscript><div id=\"wpforms-error-noscript\" style=\"display: none;\">Please enable JavaScript in your browser to complete this form.<\/div><div class=\"wpforms-field-container\"><div id=\"wpforms-2385-field_0-container\" class=\"wpforms-field wpforms-field-name\" data-field-id=\"0\"><label class=\"wpforms-field-label\" for=\"wpforms-2385-field_0\">Navn <span class=\"wpforms-required-label\" aria-hidden=\"true\">*<\/span><\/label><input type=\"text\" id=\"wpforms-2385-field_0\" class=\"wpforms-field-large wpforms-field-required\" name=\"wpforms[fields][0]\" aria-errormessage=\"wpforms-2385-field_0-error\" required><\/div><div id=\"wpforms-2385-field_3-container\" class=\"wpforms-field wpforms-field-text\" data-field-id=\"3\"><label class=\"wpforms-field-label\" for=\"wpforms-2385-field_3\">F\u00f8dselsdato <span class=\"wpforms-required-label\" aria-hidden=\"true\">*<\/span><\/label><input type=\"text\" id=\"wpforms-2385-field_3\" class=\"wpforms-field-large wpforms-field-required\" name=\"wpforms[fields][3]\" placeholder=\"27.02.1999\" aria-errormessage=\"wpforms-2385-field_3-error\" required><\/div><div id=\"wpforms-2385-field_5-container\" class=\"wpforms-field wpforms-field-select wpforms-field-select-style-classic\" data-field-id=\"5\"><label class=\"wpforms-field-label\" for=\"wpforms-2385-field_5\">Kj\u00f8nn <span class=\"wpforms-required-label\" aria-hidden=\"true\">*<\/span><\/label><select id=\"wpforms-2385-field_5\" class=\"wpforms-field-large wpforms-field-required\" name=\"wpforms[fields][5]\" required=\"required\"><option value=\"Mann\"  class=\"choice-1 depth-1\"  >Mann<\/option><option value=\"Kvinne\"  class=\"choice-2 depth-1\"  >Kvinne<\/option><option value=\"Ikke relevant\"  class=\"choice-3 depth-1\"  >Ikke relevant<\/option><\/select><\/div><div id=\"wpforms-2385-field_1-container\" class=\"wpforms-field wpforms-field-email\" data-field-id=\"1\"><label class=\"wpforms-field-label\" for=\"wpforms-2385-field_1\">Din epost <span class=\"wpforms-required-label\" aria-hidden=\"true\">*<\/span><\/label><input type=\"email\" id=\"wpforms-2385-field_1\" class=\"wpforms-field-large wpforms-field-required\" name=\"wpforms[fields][1]\" spellcheck=\"false\" aria-errormessage=\"wpforms-2385-field_1-error\" aria-describedby=\"wpforms-2385-field_1-description\" required><div id=\"wpforms-2385-field_1-description\" class=\"wpforms-field-description\">Epost til foreldre\/foresatte dersom du er under 18 \u00e5r\r\n\r\n<\/div><\/div><div id=\"wpforms-2385-field_6-container\" class=\"wpforms-field wpforms-field-text\" data-field-id=\"6\"><label class=\"wpforms-field-label\" for=\"wpforms-2385-field_6\">Ditt telefonnummer <span class=\"wpforms-required-label\" aria-hidden=\"true\">*<\/span><\/label><input type=\"text\" id=\"wpforms-2385-field_6\" class=\"wpforms-field-large wpforms-field-required\" name=\"wpforms[fields][6]\" aria-errormessage=\"wpforms-2385-field_6-error\" aria-describedby=\"wpforms-2385-field_6-description\" required><div id=\"wpforms-2385-field_6-description\" class=\"wpforms-field-description\">Telefonnummer til foreldre\/foresatte dersom du er under 18 \u00e5r\r\n<\/div><\/div><div id=\"wpforms-2385-field_9-container\" class=\"wpforms-field wpforms-field-radio\" data-field-id=\"9\"><fieldset><legend class=\"wpforms-field-label\">Jeg bekrefter at Kulturhjerte har tillatelse til \u00e5 bruke bilder, lyd- og videoopptak av p\u00e5meldt deltaker p\u00e5 nettsiden, sosiale medie-kanaler, samt offentlige medier og TV * <span class=\"wpforms-required-label\" aria-hidden=\"true\">*<\/span><\/legend><ul id=\"wpforms-2385-field_9\" class=\"wpforms-field-required\"><li class=\"choice-1 depth-1\"><input type=\"radio\" id=\"wpforms-2385-field_9_1\" name=\"wpforms[fields][9]\" value=\"Ja\" aria-errormessage=\"wpforms-2385-field_9_1-error\" required ><label class=\"wpforms-field-label-inline\" for=\"wpforms-2385-field_9_1\">Ja<\/label><\/li><\/ul><\/fieldset><\/div><div id=\"wpforms-2385-field_10-container\" class=\"wpforms-field wpforms-field-radio\" data-field-id=\"10\"><fieldset><legend class=\"wpforms-field-label\">Jeg er inneforst\u00e5tt med at Kulturhjerte behandler personopplysninger i henhold til gjeldende lover og regler. Informasjonen vil oppbevares konfidensielt og vil slettes fra systemet etter at kontakt er opprettet med interessent. * <span class=\"wpforms-required-label\" aria-hidden=\"true\">*<\/span><\/legend><ul id=\"wpforms-2385-field_10\" class=\"wpforms-field-required\"><li class=\"choice-1 depth-1\"><input type=\"radio\" id=\"wpforms-2385-field_10_1\" name=\"wpforms[fields][10]\" value=\"Ja\" aria-errormessage=\"wpforms-2385-field_10_1-error\" required ><label class=\"wpforms-field-label-inline\" for=\"wpforms-2385-field_10_1\">Ja<\/label><\/li><\/ul><\/fieldset><\/div><\/div><!-- .wpforms-field-container --><div class=\"wpforms-submit-container\" ><input type=\"hidden\" name=\"wpforms[id]\" value=\"2385\"><input type=\"hidden\" name=\"page_title\" value=\"\"><input type=\"hidden\" name=\"page_url\" value=\"https:\/\/kulturhjerte.no\/en\/wp-json\/wp\/v2\/pages\/2748\"><input type=\"hidden\" name=\"url_referer\" value=\"\"><button type=\"submit\" name=\"wpforms[submit]\" id=\"wpforms-submit-2385\" class=\"wpforms-submit\" data-alt-text=\"Sender\u2026\" data-submit-text=\"Send\" aria-live=\"assertive\" value=\"wpforms-submit\">Send<\/button><img loading=\"lazy\" decoding=\"async\" src=\"https:\/\/kulturhjerte.no\/wp-content\/plugins\/wpforms-lite\/assets\/images\/submit-spin.svg\" class=\"wpforms-submit-spinner\" style=\"display: none;\" width=\"26\" height=\"26\" alt=\"Loading\"><\/div><\/form><\/div>  <!-- .wpforms-container -->[\/et_pb_code][\/et_pb_column][\/et_pb_row][\/et_pb_section]<\/p>\n","protected":false},"excerpt":{"rendered":"<p>Registration KulturhjerteParticipation in Kulturhjerte is free and registration is open! The deadline for submitting the application form next year is August 15, 2025. We will respond to your participation shortly after the deadline. Start-up is in week 42. Day of the week and time will be informed about when you have been allocated a seat. [&hellip;]<\/p>\n","protected":false},"author":1,"featured_media":0,"parent":0,"menu_order":0,"comment_status":"closed","ping_status":"closed","template":"","meta":{"_acf_changed":false,"_et_pb_use_builder":"on","_et_pb_old_content":"","_et_gb_content_width":"","footnotes":""},"class_list":["post-2748","page","type-page","status-publish","hentry"],"acf":[],"_links":{"self":[{"href":"https:\/\/kulturhjerte.no\/en\/wp-json\/wp\/v2\/pages\/2748","targetHints":{"allow":["GET"]}}],"collection":[{"href":"https:\/\/kulturhjerte.no\/en\/wp-json\/wp\/v2\/pages"}],"about":[{"href":"https:\/\/kulturhjerte.no\/en\/wp-json\/wp\/v2\/types\/page"}],"author":[{"embeddable":true,"href":"https:\/\/kulturhjerte.no\/en\/wp-json\/wp\/v2\/users\/1"}],"replies":[{"embeddable":true,"href":"https:\/\/kulturhjerte.no\/en\/wp-json\/wp\/v2\/comments?post=2748"}],"version-history":[{"count":12,"href":"https:\/\/kulturhjerte.no\/en\/wp-json\/wp\/v2\/pages\/2748\/revisions"}],"predecessor-version":[{"id":3035,"href":"https:\/\/kulturhjerte.no\/en\/wp-json\/wp\/v2\/pages\/2748\/revisions\/3035"}],"wp:attachment":[{"href":"https:\/\/kulturhjerte.no\/en\/wp-json\/wp\/v2\/media?parent=2748"}],"curies":[{"name":"wp","href":"https:\/\/api.w.org\/{rel}","templated":true}]}}