{"id":2747,"date":"2018-05-02T09:58:53","date_gmt":"2018-05-02T07:58:53","guid":{"rendered":"https:\/\/kulturhjerte.no\/articles-of-association\/"},"modified":"2025-10-26T11:09:51","modified_gmt":"2025-10-26T10:09:51","slug":"articles-of-association","status":"publish","type":"page","link":"https:\/\/kulturhjerte.no\/en\/articles-of-association\/","title":{"rendered":"Statutes"},"content":{"rendered":"<p>[et_pb_section fb_built=&#8221;1&#8243; _builder_version=&#8221;4.16&#8243; background_image=&#8221;http:\/\/kulturhjerte.no\/wp-content\/uploads\/2018\/09\/TO-KULTURHJERTET14.jpg&#8221; custom_css_main_element=&#8221;margin-top:-10px;||height: 70vh;||box-shadow: inset 0 0 0 1000px rgba(0,0,0,.15);||transition: 9999s;||&#8221; global_colors_info=&#8221;{}&#8221;][\/et_pb_section][et_pb_section fb_built=&#8221;1&#8243; _builder_version=&#8221;4.16&#8243; global_colors_info=&#8221;{}&#8221;][et_pb_row _builder_version=&#8221;4.16&#8243; custom_padding=&#8221;0px|0px|27px|0px&#8221; custom_css_main_element=&#8221;box-shadow: 1px 1px 2px #bdccd4;||background-color: white;&#8221; global_colors_info=&#8221;{}&#8221;][et_pb_column type=&#8221;4_4&#8243; _builder_version=&#8221;4.16&#8243; custom_padding=&#8221;|||&#8221; global_colors_info=&#8221;{}&#8221; custom_padding__hover=&#8221;|||&#8221;][et_pb_text module_class=&#8221;orange-header&#8221; _builder_version=&#8221;4.16&#8243; text_orientation=&#8221;center&#8221; background_layout=&#8221;dark&#8221; module_alignment=&#8221;center&#8221; global_colors_info=&#8221;{}&#8221;]<\/p>\n<h1>Statutes<\/h1>\n<p>[\/et_pb_text][et_pb_text _builder_version=&#8221;4.16&#8243; custom_css_main_element=&#8221;padding:40px&#8221; global_colors_info=&#8221;{}&#8221;]<\/p>\n<p>Kulturhjerte AS was established as a limited company with a non-profit purpose in April 2018. Our vision is for everyone to feel that they belong where they live.  <\/p>\n<p><strong>Board: <\/strong><\/p>\n<p>Amela Koluder &#8211; Chairman of the Board<\/p>\n<p>Vivian Haverstadl\u00f8kken &#8211; Project manager<\/p>\n<p>Jomo Masai<\/p>\n<p>Carol Kvande<\/p>\n<p>Janne Aaseb\u00f8 Johnsen<\/p>\n<p>Linda Tj\u00f8nntveit<\/p>\n<p>Aiman Shaqura<\/p>\n<p>[\/et_pb_text][et_pb_text _builder_version=&#8221;4.27.4&#8243; hover_enabled=&#8221;0&#8243; custom_css_main_element=&#8221;padding: 40px;||padding-top: unset;&#8221; global_colors_info=&#8221;{}&#8221; sticky_enabled=&#8221;0&#8243;]<strong>Download the statutes of Kulturhjerte <a href=\"\/wp-content\/uploads\/2018\/05\/Vedtekter-signert.pdf\" rel=\"attachment wp-att-1640\">here<\/a>.<\/strong>[\/et_pb_text][\/et_pb_column][\/et_pb_row][\/et_pb_section]<\/p>\n","protected":false},"excerpt":{"rendered":"<p>StatutesKulturhjerte AS was established as a limited company with a non-profit purpose in April 2018. Our vision is for everyone to feel that they belong where they live. Board: Amela Koluder &#8211; Chairman of the Board Vivian Haverstadl\u00f8kken &#8211; Project manager Jomo Masai Carol Kvande Janne Aaseb\u00f8 Johnsen Linda Tj\u00f8nntveit Aiman ShaquraDownload the statutes of [&hellip;]<\/p>\n","protected":false},"author":1,"featured_media":0,"parent":0,"menu_order":0,"comment_status":"closed","ping_status":"closed","template":"","meta":{"_acf_changed":false,"_et_pb_use_builder":"on","_et_pb_old_content":"","_et_gb_content_width":"","footnotes":""},"class_list":["post-2747","page","type-page","status-publish","hentry"],"acf":[],"_links":{"self":[{"href":"https:\/\/kulturhjerte.no\/en\/wp-json\/wp\/v2\/pages\/2747","targetHints":{"allow":["GET"]}}],"collection":[{"href":"https:\/\/kulturhjerte.no\/en\/wp-json\/wp\/v2\/pages"}],"about":[{"href":"https:\/\/kulturhjerte.no\/en\/wp-json\/wp\/v2\/types\/page"}],"author":[{"embeddable":true,"href":"https:\/\/kulturhjerte.no\/en\/wp-json\/wp\/v2\/users\/1"}],"replies":[{"embeddable":true,"href":"https:\/\/kulturhjerte.no\/en\/wp-json\/wp\/v2\/comments?post=2747"}],"version-history":[{"count":7,"href":"https:\/\/kulturhjerte.no\/en\/wp-json\/wp\/v2\/pages\/2747\/revisions"}],"predecessor-version":[{"id":3045,"href":"https:\/\/kulturhjerte.no\/en\/wp-json\/wp\/v2\/pages\/2747\/revisions\/3045"}],"wp:attachment":[{"href":"https:\/\/kulturhjerte.no\/en\/wp-json\/wp\/v2\/media?parent=2747"}],"curies":[{"name":"wp","href":"https:\/\/api.w.org\/{rel}","templated":true}]}}